{"id":7979,"date":"2021-11-04T13:13:39","date_gmt":"2021-11-04T12:13:39","guid":{"rendered":"https:\/\/autoglass.pl\/contact-form\/"},"modified":"2023-02-21T10:36:17","modified_gmt":"2023-02-21T09:36:17","slug":"contact-form","status":"publish","type":"page","link":"https:\/\/autoglass.pl\/en\/contact-form\/","title":{"rendered":"Contact form"},"content":{"rendered":"<section class=\"o-section c-hero c-hero--primary c-hero--normal u-color--main-1   \" >\n\t\t\t<div class=\"o-wrapper--wide  c-breadcrumbs--absolute u-font-color--3\">\n\t\t<section class=\"c-breadcrumbs u-bg-color--transparent \">\n    <div class=\"o-wrapper c-breadcrumbs__wrapper u-padding-vertical-tiny\">\n        <nav id=\"breadcrumbs\" class=\"main-breadcrumbs u-text--smaller\"><span><span><a href=\"https:\/\/autoglass.pl\/en\/\">Main page<\/a><\/span><\/span><\/nav>\n    <\/div>\n<\/section>\t<\/div>\n\t\t<div class=\"o-wrapper c-hero__container\">\n\t\t<div class=\"c-hero__content c-hero__content--thick \">\n\t\t\t\t\t\t<h2 class=\"c-heading c-heading--h1 c-hero__title c-heading--h2\">Formularz kontaktowy<\/h2>\t\t\t\t\t\t\t<p class=\"c-hero__subtitle u-margin-top-great\"><div style=\"margin-top: 3em;\">\n<div class=\"wpcf7 no-js\" id=\"wpcf7-f7984-o1\" lang=\"pl-PL\" dir=\"ltr\" data-wpcf7-id=\"7984\">\n<div class=\"screen-reader-response\"><p role=\"status\" aria-live=\"polite\" aria-atomic=\"true\"><\/p> <ul><\/ul><\/div>\n<form action=\"\/en\/wp-json\/wp\/v2\/pages\/7979#wpcf7-f7984-o1\" method=\"post\" class=\"wpcf7-form init\" aria-label=\"Contact form\" novalidate=\"novalidate\" data-status=\"init\">\n<fieldset class=\"hidden-fields-container\"><input type=\"hidden\" name=\"_wpcf7\" value=\"7984\" \/><input type=\"hidden\" name=\"_wpcf7_version\" value=\"6.1.5\" \/><input type=\"hidden\" name=\"_wpcf7_locale\" value=\"pl_PL\" \/><input type=\"hidden\" name=\"_wpcf7_unit_tag\" value=\"wpcf7-f7984-o1\" \/><input type=\"hidden\" name=\"_wpcf7_container_post\" value=\"0\" \/><input type=\"hidden\" name=\"_wpcf7_posted_data_hash\" value=\"\" \/><input type=\"hidden\" name=\"_wpcf7_recaptcha_response\" value=\"\" \/>\n<\/fieldset>\n<div class=\"c-form u-padding-massive u-padding-vertical-big u-bg-color--6 u-border-radius u-shadow\">\n\t<p><span class=\"c-label__title\" id=\"form-input-label-pole-tekstowe-674104\">Name<\/span>\n\t<\/p>\n\t<div class=\"c-input__container\">\n\t\t<p><span class=\"wpcf7-form-control-wrap\" data-name=\"user_name\"><input size=\"40\" maxlength=\"400\" class=\"wpcf7-form-control wpcf7-text wpcf7-validates-as-required c-input c-input--text\" aria-required=\"true\" aria-invalid=\"false\" value=\"\" type=\"text\" name=\"user_name\" \/><\/span>\n\t\t<\/p>\n\t<\/div>\n\t<p><span class=\"c-label__title\" id=\"form-input-label-pole-tekstowe-674104\">E-mail<\/span>\n\t<\/p>\n\t<div class=\"c-input__container\">\n\t\t<p><span class=\"wpcf7-form-control-wrap\" data-name=\"user_email\"><input size=\"40\" maxlength=\"400\" class=\"wpcf7-form-control wpcf7-email wpcf7-validates-as-required wpcf7-text wpcf7-validates-as-email c-input c-input--email\" aria-required=\"true\" aria-invalid=\"false\" value=\"\" type=\"email\" name=\"user_email\" \/><\/span>\n\t\t<\/p>\n\t<\/div>\n\t<p><span class=\"c-label__title\" id=\"form-input-label-pole-tekstowe-674104\">Your message<\/span>\n\t<\/p>\n\t<div class=\"c-input__container\">\n\t\t<p><span class=\"wpcf7-form-control-wrap\" data-name=\"user_message\"><textarea cols=\"40\" rows=\"10\" maxlength=\"2000\" class=\"wpcf7-form-control wpcf7-textarea wpcf7-validates-as-required c-textarea js-textarea\" aria-required=\"true\" aria-invalid=\"false\" name=\"user_message\"><\/textarea><\/span>\n\t\t<\/p>\n\t<\/div>\n\t<div>\n\t\t<p><span class=\"wpcf7-form-control-wrap\" data-name=\"acceptance-398\"><span class=\"wpcf7-form-control wpcf7-acceptance\"><span class=\"wpcf7-list-item\"><label><input type=\"checkbox\" name=\"acceptance-398\" value=\"1\" class=\"u-font-color--3\" aria-invalid=\"false\" \/><span class=\"wpcf7-list-item-label\">Wyra\u017cam zgod\u0119 na przetwarzanie moich danych osobowych zgodnie z <a href=\"https:\/\/autoglass.pl\/wp-content\/uploads\/2024\/09\/polityka_prywatnosci_autoglass.pdf\" target=\"blank\">Polityk\u0105 Prywatno\u015bci<\/a> w celu otrzymywania odpowiedzi od AGC na moje zapytania na tej stronie. Mog\u0119 wycofa\u0107 swoj\u0105 zgod\u0119 w dowolnym momencie, wysy\u0142aj\u0105c wiadomo\u015b\u0107 e-mail na adres AGC.ISM.Office@agc.com.<\/span><\/label><\/span><\/span><\/span>\n\t\t<\/p>\n\t<\/div>\n\t<div class=\"o-flex o-flex--centered\">\n\t\t<p><input class=\"wpcf7-form-control wpcf7-submit has-spinner c-button c-button--secondary u-padding-horizontal-massive u-shadow\" type=\"submit\" value=\"Submit\" \/>\n\t\t<\/p>\n\t<\/div>\n\t<div class=\"c-form__info\">\n\t\t<p>Ta strona jest chroniona przez reCAPTCHA i ma zastosowanie Polityka prywatno\u015bci oraz Warunki korzystania z us\u0142ug Google.\n\t\t<\/p>\n\t<\/div>\n<\/div><div class=\"wpcf7-response-output\" aria-hidden=\"true\"><\/div>\n<\/form>\n<\/div>\n<\/div>\n<\/p>\t\t\t\t\t\t\t\t\t\t\t\t\t\t<\/div>\n\t<\/div>\n<\/section>\n<script>\nfunction orderPopup(){\n\toverlay = document.querySelector('.js-order-overlay'),\n\tpopupFirst = document.querySelector('.js-order-first'),\n\toverlay.classList.add('is-active');\n    popupFirst.classList.add('is-active');\n}\nif(document.body.classList.contains('parent-pageid-577')){\ndocument.querySelector('.breadcrumb_last').previousElementSibling.innerHTML = 'Us\u0142ugi';\n}\n<\/script>\n\n\n\n","protected":false},"excerpt":{"rendered":"","protected":false},"author":9,"featured_media":0,"parent":0,"menu_order":0,"comment_status":"closed","ping_status":"closed","template":"","meta":{"inline_featured_image":false,"footnotes":""},"class_list":["post-7979","page","type-page","status-publish","hentry"],"acf":[],"yoast_head":"<!-- This site is optimized with the Yoast SEO plugin v27.1.1 - https:\/\/yoast.com\/product\/yoast-seo-wordpress\/ -->\n<title>Contact form - AutoGlass<\/title>\n<meta name=\"robots\" content=\"noindex, nofollow\" \/>\n<meta property=\"og:locale\" content=\"en_US\" \/>\n<meta property=\"og:type\" content=\"article\" \/>\n<meta property=\"og:title\" content=\"Contact form - AutoGlass\" \/>\n<meta property=\"og:url\" content=\"https:\/\/autoglass.pl\/en\/contact-form\/\" \/>\n<meta property=\"og:site_name\" content=\"AutoGlass\" \/>\n<meta property=\"article:modified_time\" content=\"2023-02-21T09:36:17+00:00\" \/>\n<meta name=\"twitter:card\" content=\"summary_large_image\" \/>\n<script type=\"application\/ld+json\" class=\"yoast-schema-graph\">{\"@context\":\"https:\/\/schema.org\",\"@graph\":[{\"@type\":\"WebPage\",\"@id\":\"https:\/\/autoglass.pl\/en\/contact-form\/\",\"url\":\"https:\/\/autoglass.pl\/en\/contact-form\/\",\"name\":\"Contact form - AutoGlass\",\"isPartOf\":{\"@id\":\"https:\/\/autoglass.pl\/en\/#website\"},\"datePublished\":\"2021-11-04T12:13:39+00:00\",\"dateModified\":\"2023-02-21T09:36:17+00:00\",\"breadcrumb\":{\"@id\":\"https:\/\/autoglass.pl\/en\/contact-form\/#breadcrumb\"},\"inLanguage\":\"en-US\",\"potentialAction\":[{\"@type\":\"ReadAction\",\"target\":[\"https:\/\/autoglass.pl\/en\/contact-form\/\"]}]},{\"@type\":\"BreadcrumbList\",\"@id\":\"https:\/\/autoglass.pl\/en\/contact-form\/#breadcrumb\",\"itemListElement\":[{\"@type\":\"ListItem\",\"position\":1,\"name\":\"Main page\",\"item\":\"https:\/\/autoglass.pl\/en\/\"},{\"@type\":\"ListItem\",\"position\":2,\"name\":\"Contact form\"}]},{\"@type\":\"WebSite\",\"@id\":\"https:\/\/autoglass.pl\/en\/#website\",\"url\":\"https:\/\/autoglass.pl\/en\/\",\"name\":\"AutoGlass\",\"description\":\"Broken Glass? Leave it to us\",\"publisher\":{\"@id\":\"https:\/\/autoglass.pl\/en\/#organization\"},\"potentialAction\":[{\"@type\":\"SearchAction\",\"target\":{\"@type\":\"EntryPoint\",\"urlTemplate\":\"https:\/\/autoglass.pl\/en\/?s={search_term_string}\"},\"query-input\":{\"@type\":\"PropertyValueSpecification\",\"valueRequired\":true,\"valueName\":\"search_term_string\"}}],\"inLanguage\":\"en-US\"},{\"@type\":\"Organization\",\"@id\":\"https:\/\/autoglass.pl\/en\/#organization\",\"name\":\"Autoglass\",\"url\":\"https:\/\/autoglass.pl\/en\/\",\"logo\":{\"@type\":\"ImageObject\",\"inLanguage\":\"en-US\",\"@id\":\"https:\/\/autoglass.pl\/en\/#\/schema\/logo\/image\/\",\"url\":\"https:\/\/autoglass.pl\/autoglass\/wp\/new_wp\/wp-content\/uploads\/2020\/10\/autoglass.png\",\"contentUrl\":\"https:\/\/autoglass.pl\/autoglass\/wp\/new_wp\/wp-content\/uploads\/2020\/10\/autoglass.png\",\"width\":342,\"height\":80,\"caption\":\"Autoglass\"},\"image\":{\"@id\":\"https:\/\/autoglass.pl\/en\/#\/schema\/logo\/image\/\"}}]}<\/script>\n<!-- \/ Yoast SEO plugin. -->","yoast_head_json":{"title":"Contact form - AutoGlass","robots":{"index":"noindex","follow":"nofollow"},"og_locale":"en_US","og_type":"article","og_title":"Contact form - AutoGlass","og_url":"https:\/\/autoglass.pl\/en\/contact-form\/","og_site_name":"AutoGlass","article_modified_time":"2023-02-21T09:36:17+00:00","twitter_card":"summary_large_image","schema":{"@context":"https:\/\/schema.org","@graph":[{"@type":"WebPage","@id":"https:\/\/autoglass.pl\/en\/contact-form\/","url":"https:\/\/autoglass.pl\/en\/contact-form\/","name":"Contact form - AutoGlass","isPartOf":{"@id":"https:\/\/autoglass.pl\/en\/#website"},"datePublished":"2021-11-04T12:13:39+00:00","dateModified":"2023-02-21T09:36:17+00:00","breadcrumb":{"@id":"https:\/\/autoglass.pl\/en\/contact-form\/#breadcrumb"},"inLanguage":"en-US","potentialAction":[{"@type":"ReadAction","target":["https:\/\/autoglass.pl\/en\/contact-form\/"]}]},{"@type":"BreadcrumbList","@id":"https:\/\/autoglass.pl\/en\/contact-form\/#breadcrumb","itemListElement":[{"@type":"ListItem","position":1,"name":"Main page","item":"https:\/\/autoglass.pl\/en\/"},{"@type":"ListItem","position":2,"name":"Contact form"}]},{"@type":"WebSite","@id":"https:\/\/autoglass.pl\/en\/#website","url":"https:\/\/autoglass.pl\/en\/","name":"AutoGlass","description":"Broken Glass? Leave it to us","publisher":{"@id":"https:\/\/autoglass.pl\/en\/#organization"},"potentialAction":[{"@type":"SearchAction","target":{"@type":"EntryPoint","urlTemplate":"https:\/\/autoglass.pl\/en\/?s={search_term_string}"},"query-input":{"@type":"PropertyValueSpecification","valueRequired":true,"valueName":"search_term_string"}}],"inLanguage":"en-US"},{"@type":"Organization","@id":"https:\/\/autoglass.pl\/en\/#organization","name":"Autoglass","url":"https:\/\/autoglass.pl\/en\/","logo":{"@type":"ImageObject","inLanguage":"en-US","@id":"https:\/\/autoglass.pl\/en\/#\/schema\/logo\/image\/","url":"https:\/\/autoglass.pl\/autoglass\/wp\/new_wp\/wp-content\/uploads\/2020\/10\/autoglass.png","contentUrl":"https:\/\/autoglass.pl\/autoglass\/wp\/new_wp\/wp-content\/uploads\/2020\/10\/autoglass.png","width":342,"height":80,"caption":"Autoglass"},"image":{"@id":"https:\/\/autoglass.pl\/en\/#\/schema\/logo\/image\/"}}]}},"_links":{"self":[{"href":"https:\/\/autoglass.pl\/en\/wp-json\/wp\/v2\/pages\/7979","targetHints":{"allow":["GET"]}}],"collection":[{"href":"https:\/\/autoglass.pl\/en\/wp-json\/wp\/v2\/pages"}],"about":[{"href":"https:\/\/autoglass.pl\/en\/wp-json\/wp\/v2\/types\/page"}],"author":[{"embeddable":true,"href":"https:\/\/autoglass.pl\/en\/wp-json\/wp\/v2\/users\/9"}],"replies":[{"embeddable":true,"href":"https:\/\/autoglass.pl\/en\/wp-json\/wp\/v2\/comments?post=7979"}],"version-history":[{"count":6,"href":"https:\/\/autoglass.pl\/en\/wp-json\/wp\/v2\/pages\/7979\/revisions"}],"predecessor-version":[{"id":25757,"href":"https:\/\/autoglass.pl\/en\/wp-json\/wp\/v2\/pages\/7979\/revisions\/25757"}],"wp:attachment":[{"href":"https:\/\/autoglass.pl\/en\/wp-json\/wp\/v2\/media?parent=7979"}],"curies":[{"name":"wp","href":"https:\/\/api.w.org\/{rel}","templated":true}]}}